{"id":57,"date":"2021-10-19T08:56:23","date_gmt":"2021-10-19T08:56:23","guid":{"rendered":"https:\/\/familyfoodandtravel.com\/de\/?page_id=57"},"modified":"2021-11-15T13:54:55","modified_gmt":"2021-11-15T13:54:55","slug":"ueber-uns","status":"publish","type":"page","link":"https:\/\/familyfoodandtravel.com\/de\/ueber-uns\/","title":{"rendered":"\u00dcber Uns"},"content":{"rendered":"<p>Willkommen bei Family Food and Travel.<\/p>\n<p>Wir hoffen, dass Ihnen unsere Berichte und Tipps zum Abnehmen gefallen!<\/p>\n<div class=\"su-box su-box-style-default\" id=\"\" style=\"border-color:#000000;border-radius:3px;\"><div class=\"su-box-title\" style=\"background-color:#333333;color:#FFFFFF;border-top-left-radius:1px;border-top-right-radius:1px\">Dr. med. Matthias Abenstern<\/div><div class=\"su-box-content su-u-clearfix su-u-trim\" style=\"border-bottom-left-radius:1px;border-bottom-right-radius:1px\">\n<img decoding=\"async\" class=\"wp-image-69 alignright\" src=\"https:\/\/familyfoodandtravel.com\/de\/wp-content\/uploads\/sites\/2\/2021\/10\/Dr.-med.-Matthias-Abenstein-150x150.jpeg\" alt=\"Dr. med. Matthias Abenstein\" width=\"100\" height=\"100\" srcset=\"https:\/\/familyfoodandtravel.com\/de\/wp-content\/uploads\/sites\/2\/2021\/10\/Dr.-med.-Matthias-Abenstein-150x150.jpeg 150w, https:\/\/familyfoodandtravel.com\/de\/wp-content\/uploads\/sites\/2\/2021\/10\/Dr.-med.-Matthias-Abenstein-300x300.jpeg 300w, https:\/\/familyfoodandtravel.com\/de\/wp-content\/uploads\/sites\/2\/2021\/10\/Dr.-med.-Matthias-Abenstein.jpeg 1024w, https:\/\/familyfoodandtravel.com\/de\/wp-content\/uploads\/sites\/2\/2021\/10\/Dr.-med.-Matthias-Abenstein-768x768.jpeg 768w, https:\/\/familyfoodandtravel.com\/de\/wp-content\/uploads\/sites\/2\/2021\/10\/Dr.-med.-Matthias-Abenstein-100x100.jpeg 100w, https:\/\/familyfoodandtravel.com\/de\/wp-content\/uploads\/sites\/2\/2021\/10\/Dr.-med.-Matthias-Abenstein-500x500.jpeg 500w, https:\/\/familyfoodandtravel.com\/de\/wp-content\/uploads\/sites\/2\/2021\/10\/Dr.-med.-Matthias-Abenstein-144x144.jpeg 144w\" sizes=\"(max-width: 100px) 100vw, 100px\" \/>Oberarzt f\u00fcr:<\/p>\n<ul>\n<li>Innere Medizin<\/li>\n<li>Diabetologe<\/li>\n<li>Ern\u00e4hrungsmedizin<\/li>\n<\/ul>\n<p>Dr. med. Matthias Abenstern, ist ein Oberarzt f\u00fcr Innere Medizin, Diabetologe und der Ern\u00e4hrungsmedizin. Nebenbei schreibt er noch f\u00fcr dieses Portal, um Menschen besser \u00fcber gesundheitliche Fragen aufzukl\u00e4ren. Besonders die Themen zur Allgemeinen-Chirurgie, faszieneren diesen Arzt sehr. Hier finden hier mehr von Dr. Med. Abenstern: <a href=\"https:\/\/www.muenchen-klinik.de\/krankenhaus\/bogenhausen\/magen-darm-leber-pankreas\/chirurgie\/unser-team\/matthias-abenstein\/\">M\u00fcnchen Klinik<\/a>, <a href=\"https:\/\/mediatum.ub.tum.de\/796933\">mediaTUM<\/a>, <a href=\"https:\/\/docplayer.org\/190838228-Leistungsbericht-des-abdominalzentrums-2018-2019.html\">Leistungsbericht<\/a> und healthstatus.com.<br \/>\n<\/div><\/div>\n<div class=\"su-box su-box-style-default\" id=\"\" style=\"border-color:#000000;border-radius:3px;\"><div class=\"su-box-title\" style=\"background-color:#333333;color:#FFFFFF;border-top-left-radius:1px;border-top-right-radius:1px\">Dr. Tatjana Abel<\/div><div class=\"su-box-content su-u-clearfix su-u-trim\" style=\"border-bottom-left-radius:1px;border-bottom-right-radius:1px\">\n<img decoding=\"async\" class=\" wp-image-72 alignright\" src=\"https:\/\/familyfoodandtravel.com\/de\/wp-content\/uploads\/sites\/2\/2021\/10\/Frau-Tatjana-Abil-150x150.jpeg\" alt=\"Frau Tatjana Abil\" width=\"100\" height=\"100\" srcset=\"https:\/\/familyfoodandtravel.com\/de\/wp-content\/uploads\/sites\/2\/2021\/10\/Frau-Tatjana-Abil-150x150.jpeg 150w, https:\/\/familyfoodandtravel.com\/de\/wp-content\/uploads\/sites\/2\/2021\/10\/Frau-Tatjana-Abil-300x300.jpeg 300w, https:\/\/familyfoodandtravel.com\/de\/wp-content\/uploads\/sites\/2\/2021\/10\/Frau-Tatjana-Abil.jpeg 1024w, https:\/\/familyfoodandtravel.com\/de\/wp-content\/uploads\/sites\/2\/2021\/10\/Frau-Tatjana-Abil-768x768.jpeg 768w, https:\/\/familyfoodandtravel.com\/de\/wp-content\/uploads\/sites\/2\/2021\/10\/Frau-Tatjana-Abil-100x100.jpeg 100w, https:\/\/familyfoodandtravel.com\/de\/wp-content\/uploads\/sites\/2\/2021\/10\/Frau-Tatjana-Abil-500x500.jpeg 500w, https:\/\/familyfoodandtravel.com\/de\/wp-content\/uploads\/sites\/2\/2021\/10\/Frau-Tatjana-Abil-144x144.jpeg 144w\" sizes=\"(max-width: 100px) 100vw, 100px\" \/>Facharztin f\u00fcr:<\/p>\n<ul>\n<li>Adipologin GGG<\/li>\n<li>Diabetologin DDG<\/li>\n<li>Sportmedizin<\/li>\n<\/ul>\n<p>Nach Ihrem Studium in Hamburg, sammelte diese \u00c4rztin Erfahrungen in Venezuela und S\u00fcdafrika. Nach 3 Jahren kehrte sie in ihre Heimatstadt zur\u00fcck und konzentrierte sich auf die Diabetologe und Sportmedizin. Ihr Erfahrungen und Berichte, teil auf diesem Portal. Mehr von Dr. Abel finden Sie hier: <a href=\"https:\/\/www.doctolib.de\/implantologie-old\/muenchen?page=2168\">Doclab<\/a>, <a href=\"https:\/\/www.linkedin.com\/in\/tatjana-abel-3ba483226\/\">Linkedin<\/a>. Dr. Abel schreibt auch f\u00fcr healthstatus.com.<br \/>\n<\/div><\/div>\n<div class=\"su-box su-box-style-default\" id=\"\" style=\"border-color:#000000;border-radius:3px;\"><div class=\"su-box-title\" style=\"background-color:#333333;color:#FFFFFF;border-top-left-radius:1px;border-top-right-radius:1px\">Dr. John Apolzan<\/div><div class=\"su-box-content su-u-clearfix su-u-trim\" style=\"border-bottom-left-radius:1px;border-bottom-right-radius:1px\">\n<img decoding=\"async\" class=\"size-full wp-image-41 alignright\" src=\"https:\/\/familyfoodandtravel.com\/de\/wp-content\/uploads\/sites\/2\/2021\/10\/drjohn-100x100-1.jpg\" alt=\"Dr. John\" width=\"100\" height=\"100\" \/>Arzt f\u00fcr:<\/p>\n<ul>\n<li>FA Allgemeinmedizin<\/li>\n<li>MFA<\/li>\n<li>Ern\u00e4hrungsmedizin<\/li>\n<\/ul>\n<p>Dr. John Apolzan ist Arzt mit mehr als 10 Jahren Erfahrung im Bereich Ern\u00e4hrung und hat an der Purdue University, IN, USA, in Lebensmittel- und Ern\u00e4hrungswissenschaften promoviert. Dr. John Apolzan ist ein bekannter medizinischer Autor und seine Arbeit wurde in einer Reihe von medizinischen Publikationen ver\u00f6ffentlicht, darunter <a href=\"https:\/\/pubmed.ncbi.nlm.nih.gov\/23913807\/\">pubmed.ncbi.nlm.nih.gov<\/a> und <a href=\"https:\/\/scholar.google.com\/citations?user=0f0PBlkAAAAJ&amp;hl=en\">Google Scholar<\/a>. Sie finden Dr. John auch hier.<br \/>\n<\/div><\/div>\n<div class=\"su-box su-box-style-default\" id=\"\" style=\"border-color:#000000;border-radius:3px;\"><div class=\"su-box-title\" style=\"background-color:#333333;color:#FFFFFF;border-top-left-radius:1px;border-top-right-radius:1px\">Alex Brewer, PharmD, MBA<\/div><div class=\"su-box-content su-u-clearfix su-u-trim\" style=\"border-bottom-left-radius:1px;border-bottom-right-radius:1px\">\n<img decoding=\"async\" class=\" wp-image-87 alignright\" src=\"https:\/\/familyfoodandtravel.com\/de\/wp-content\/uploads\/sites\/2\/2021\/10\/Dr.Alex-Brewer.jpeg\" alt=\"Dr.Alex-Brewer\" width=\"100\" height=\"100\" srcset=\"https:\/\/familyfoodandtravel.com\/de\/wp-content\/uploads\/sites\/2\/2021\/10\/Dr.Alex-Brewer.jpeg 150w, https:\/\/familyfoodandtravel.com\/de\/wp-content\/uploads\/sites\/2\/2021\/10\/Dr.Alex-Brewer-100x100.jpeg 100w, https:\/\/familyfoodandtravel.com\/de\/wp-content\/uploads\/sites\/2\/2021\/10\/Dr.Alex-Brewer-144x144.jpeg 144w\" sizes=\"(max-width: 100px) 100vw, 100px\" \/>Arzt f\u00fcr:<\/p>\n<ul>\n<li>Apotheker<\/li>\n<li>Chronische Krankheiten<\/li>\n<\/ul>\n<p>Dr. Alex Brewer ist ein zertifizierter Apotheker, der sich auf chronische Krankheiten sowie Gesundheit und Wellness spezialisiert hat. Dr. Brewer erwarb seinen Doktor der Pharmazie und seinen MBA an der University of Kentucky, wo er auch ein PGY1-Pharmazie-Praktikum mit Schwerpunkt auf der geriatrischen Versorgung absolvierte. Dr. Brewer schreibt auch Berichte auf healthstatus.com.<br \/>\n<\/div><\/div>\n<div class=\"su-box su-box-style-default\" id=\"\" style=\"border-color:#000000;border-radius:3px;\"><div class=\"su-box-title\" style=\"background-color:#333333;color:#FFFFFF;border-top-left-radius:1px;border-top-right-radius:1px\">Dr. med. Daniel Bangfahkiri<\/div><div class=\"su-box-content su-u-clearfix su-u-trim\" style=\"border-bottom-left-radius:1px;border-bottom-right-radius:1px\">\n<img decoding=\"async\" class=\" wp-image-67 alignright\" src=\"https:\/\/familyfoodandtravel.com\/de\/wp-content\/uploads\/sites\/2\/2021\/10\/Dr.-med.-Daniel-Bangha-Szabo-150x150.jpeg\" alt=\"Dr. med. Daniel Bangha-Szabo\" width=\"100\" height=\"100\" srcset=\"https:\/\/familyfoodandtravel.com\/de\/wp-content\/uploads\/sites\/2\/2021\/10\/Dr.-med.-Daniel-Bangha-Szabo-150x150.jpeg 150w, https:\/\/familyfoodandtravel.com\/de\/wp-content\/uploads\/sites\/2\/2021\/10\/Dr.-med.-Daniel-Bangha-Szabo-300x300.jpeg 300w, https:\/\/familyfoodandtravel.com\/de\/wp-content\/uploads\/sites\/2\/2021\/10\/Dr.-med.-Daniel-Bangha-Szabo.jpeg 1024w, https:\/\/familyfoodandtravel.com\/de\/wp-content\/uploads\/sites\/2\/2021\/10\/Dr.-med.-Daniel-Bangha-Szabo-768x768.jpeg 768w, https:\/\/familyfoodandtravel.com\/de\/wp-content\/uploads\/sites\/2\/2021\/10\/Dr.-med.-Daniel-Bangha-Szabo-100x100.jpeg 100w, https:\/\/familyfoodandtravel.com\/de\/wp-content\/uploads\/sites\/2\/2021\/10\/Dr.-med.-Daniel-Bangha-Szabo-500x500.jpeg 500w, https:\/\/familyfoodandtravel.com\/de\/wp-content\/uploads\/sites\/2\/2021\/10\/Dr.-med.-Daniel-Bangha-Szabo-144x144.jpeg 144w\" sizes=\"(max-width: 100px) 100vw, 100px\" \/>Facharzt f\u00fcr:<\/p>\n<ul>\n<li>Pr\u00e4ventivmedizin<\/li>\n<li>Sportmedizin<\/li>\n<li>Ern\u00e4hrungsmedizin<\/li>\n<\/ul>\n<p>Dr. med. Bangfahkiri ist ein Arzt der auf viele Jahre Auslanderfahrungen vorweisen kann. Die Arbeit als niedergelassener Facharzt f\u00fcr Pr\u00e4ventivmedizin verbindet er seit 1997 mit als Sportmediziner. Schwerpunkte sind die Vermeidung der Bildung verschiedener Krankheiten, die durch die falsche Ern\u00e4hrung oder zu wenig Bewegung entstehen k\u00f6nen. Schauen Sie sich seine Berichte auf healthstatus.com. <a href=\"https:\/\/www.linkedin.com\/in\/daniel-bangfahkiri-97b6b8225\/\">Linked<\/a><br \/>\n<\/div><\/div>\n<div class=\"su-box su-box-style-default\" id=\"\" style=\"border-color:#000000;border-radius:3px;\"><div class=\"su-box-title\" style=\"background-color:#333333;color:#FFFFFF;border-top-left-radius:1px;border-top-right-radius:1px\">Alexandra Perez, PharmD, MBA, BCGP<\/div><div class=\"su-box-content su-u-clearfix su-u-trim\" style=\"border-bottom-left-radius:1px;border-bottom-right-radius:1px\">\n<img decoding=\"async\" class=\"alignright wp-image-88\" src=\"https:\/\/familyfoodandtravel.com\/de\/wp-content\/uploads\/sites\/2\/2021\/10\/Alexandra-Perez.jpeg\" alt=\"Alexandra-Perez\" width=\"100\" height=\"125\" \/>\u00c4rztin f\u00fcr:<\/p>\n<ul>\n<li>Management chronischer Krankheiten<\/li>\n<li>Pharmazie<\/li>\n<\/ul>\n<p>Dr. Alexandra Perez ist eine zertifizierte geriatrische Apothekerin, die sich auf das Management chronischer Krankheiten spezialisiert hat. Sie erwarb ihren Doktor der Pharmazie und ihren Master of Business Administration an der University of Florida. Sie hat Erfahrung in der Zusammenarbeit mit Gesundheitsdienstleistern in Kliniken f\u00fcr die Prim\u00e4rversorgung, um die Medikamentenverordnungen zu optimieren. Ihre Artikel sind auch auf <a href=\"https:\/\/www.medicalnewstoday.com\/reviewers\/alexandra-perez-pharmd-mba-bcgp\">medicalnewstoday.com<\/a> zu finden. healthstatus.com.<br \/>\n<\/div><\/div>\n<p>Crunchbase: <a href=\"https:\/\/www.crunchbase.com\/organization\/familyfoodandtravel-com\">https:\/\/www.crunchbase.com\/organization\/familyfoodandtravel-com<\/a><\/p>\n<p>Linkedin: <a href=\"https:\/\/www.linkedin.com\/company\/familyfoodandtravel-com\/about\/\">https:\/\/www.linkedin.com\/company\/familyfoodandtravel-com\/about\/<\/a><\/p>\n","protected":false},"excerpt":{"rendered":"<p>Willkommen bei Family Food and Travel. Wir hoffen, dass Ihnen unsere Berichte und Tipps zum Abnehmen gefallen! Crunchbase: https:\/\/www.crunchbase.com\/organization\/familyfoodandtravel-com Linkedin: https:\/\/www.linkedin.com\/company\/familyfoodandtravel-com\/about\/<\/p>\n","protected":false},"author":20,"featured_media":0,"parent":0,"menu_order":0,"comment_status":"closed","ping_status":"closed","template":"","meta":{"_acf_changed":false,"inline_featured_image":false,"wprm-recipe-roundup-name":"","wprm-recipe-roundup-description":"","footnotes":""},"class_list":{"0":"post-57","1":"page","2":"type-page","3":"status-publish","5":"entry","6":"has-post-thumbnail"},"acf":[],"yoast_head":"<!-- This site is optimized with the Yoast SEO plugin v26.8 - https:\/\/yoast.com\/product\/yoast-seo-wordpress\/ -->\n<title>\u00dcber Uns - Family Food and Travel<\/title>\n<meta name=\"robots\" content=\"index, follow, max-snippet:-1, max-image-preview:large, max-video-preview:-1\" \/>\n<link rel=\"canonical\" href=\"https:\/\/familyfoodandtravel.com\/de\/ueber-uns\/\" \/>\n<meta property=\"og:locale\" content=\"de_DE\" \/>\n<meta property=\"og:type\" content=\"article\" \/>\n<meta property=\"og:title\" content=\"\u00dcber Uns - Family Food and Travel\" \/>\n<meta property=\"og:description\" content=\"Willkommen bei Family Food and Travel. Wir hoffen, dass Ihnen unsere Berichte und Tipps zum Abnehmen gefallen! Crunchbase: https:\/\/www.crunchbase.com\/organization\/familyfoodandtravel-com Linkedin: https:\/\/www.linkedin.com\/company\/familyfoodandtravel-com\/about\/\" \/>\n<meta property=\"og:url\" content=\"https:\/\/familyfoodandtravel.com\/de\/ueber-uns\/\" \/>\n<meta property=\"og:site_name\" content=\"Family Food and Travel\" \/>\n<meta property=\"article:modified_time\" content=\"2021-11-15T13:54:55+00:00\" \/>\n<meta property=\"og:image\" content=\"https:\/\/familyfoodandtravel.com\/de\/wp-content\/uploads\/sites\/2\/2021\/10\/Dr.-med.-Matthias-Abenstein-150x150.jpeg\" \/>\n<meta name=\"twitter:card\" content=\"summary_large_image\" \/>\n<meta name=\"twitter:label1\" content=\"Est. reading time\" \/>\n\t<meta name=\"twitter:data1\" content=\"2 Minuten\" \/>\n<!-- \/ Yoast SEO plugin. -->","yoast_head_json":{"title":"\u00dcber Uns - Family Food and Travel","robots":{"index":"index","follow":"follow","max-snippet":"max-snippet:-1","max-image-preview":"max-image-preview:large","max-video-preview":"max-video-preview:-1"},"canonical":"https:\/\/familyfoodandtravel.com\/de\/ueber-uns\/","og_locale":"de_DE","og_type":"article","og_title":"\u00dcber Uns - Family Food and Travel","og_description":"Willkommen bei Family Food and Travel. Wir hoffen, dass Ihnen unsere Berichte und Tipps zum Abnehmen gefallen! Crunchbase: https:\/\/www.crunchbase.com\/organization\/familyfoodandtravel-com Linkedin: https:\/\/www.linkedin.com\/company\/familyfoodandtravel-com\/about\/","og_url":"https:\/\/familyfoodandtravel.com\/de\/ueber-uns\/","og_site_name":"Family Food and Travel","article_modified_time":"2021-11-15T13:54:55+00:00","og_image":[{"url":"https:\/\/familyfoodandtravel.com\/de\/wp-content\/uploads\/sites\/2\/2021\/10\/Dr.-med.-Matthias-Abenstein-150x150.jpeg","type":"","width":"","height":""}],"twitter_card":"summary_large_image","twitter_misc":{"Est. reading time":"2 Minuten"},"schema":{"@context":"https:\/\/schema.org","@graph":[{"@type":"WebPage","@id":"https:\/\/familyfoodandtravel.com\/de\/ueber-uns\/","url":"https:\/\/familyfoodandtravel.com\/de\/ueber-uns\/","name":"\u00dcber Uns - Family Food and Travel","isPartOf":{"@id":"https:\/\/familyfoodandtravel.com\/de\/#website"},"primaryImageOfPage":{"@id":"https:\/\/familyfoodandtravel.com\/de\/ueber-uns\/#primaryimage"},"image":{"@id":"https:\/\/familyfoodandtravel.com\/de\/ueber-uns\/#primaryimage"},"thumbnailUrl":"https:\/\/familyfoodandtravel.com\/de\/wp-content\/uploads\/sites\/2\/2021\/10\/Dr.-med.-Matthias-Abenstein-150x150.jpeg","datePublished":"2021-10-19T08:56:23+00:00","dateModified":"2021-11-15T13:54:55+00:00","breadcrumb":{"@id":"https:\/\/familyfoodandtravel.com\/de\/ueber-uns\/#breadcrumb"},"inLanguage":"de-DE","potentialAction":[{"@type":"ReadAction","target":["https:\/\/familyfoodandtravel.com\/de\/ueber-uns\/"]}]},{"@type":"ImageObject","inLanguage":"de-DE","@id":"https:\/\/familyfoodandtravel.com\/de\/ueber-uns\/#primaryimage","url":"https:\/\/familyfoodandtravel.com\/de\/wp-content\/uploads\/sites\/2\/2021\/10\/Dr.-med.-Matthias-Abenstein-150x150.jpeg","contentUrl":"https:\/\/familyfoodandtravel.com\/de\/wp-content\/uploads\/sites\/2\/2021\/10\/Dr.-med.-Matthias-Abenstein-150x150.jpeg"},{"@type":"BreadcrumbList","@id":"https:\/\/familyfoodandtravel.com\/de\/ueber-uns\/#breadcrumb","itemListElement":[{"@type":"ListItem","position":1,"name":"Home","item":"https:\/\/familyfoodandtravel.com\/de\/"},{"@type":"ListItem","position":2,"name":"\u00dcber Uns"}]},{"@type":"WebSite","@id":"https:\/\/familyfoodandtravel.com\/de\/#website","url":"https:\/\/familyfoodandtravel.com\/de\/","name":"Family Food and Travel","description":"Willkommen bei Family Food and Travel Deutschland!","potentialAction":[{"@type":"SearchAction","target":{"@type":"EntryPoint","urlTemplate":"https:\/\/familyfoodandtravel.com\/de\/?s={search_term_string}"},"query-input":{"@type":"PropertyValueSpecification","valueRequired":true,"valueName":"search_term_string"}}],"inLanguage":"de-DE"}]}},"_links":{"self":[{"href":"https:\/\/familyfoodandtravel.com\/de\/wp-json\/wp\/v2\/pages\/57","targetHints":{"allow":["GET"]}}],"collection":[{"href":"https:\/\/familyfoodandtravel.com\/de\/wp-json\/wp\/v2\/pages"}],"about":[{"href":"https:\/\/familyfoodandtravel.com\/de\/wp-json\/wp\/v2\/types\/page"}],"author":[{"embeddable":true,"href":"https:\/\/familyfoodandtravel.com\/de\/wp-json\/wp\/v2\/users\/20"}],"replies":[{"embeddable":true,"href":"https:\/\/familyfoodandtravel.com\/de\/wp-json\/wp\/v2\/comments?post=57"}],"version-history":[{"count":1,"href":"https:\/\/familyfoodandtravel.com\/de\/wp-json\/wp\/v2\/pages\/57\/revisions"}],"predecessor-version":[{"id":74,"href":"https:\/\/familyfoodandtravel.com\/de\/wp-json\/wp\/v2\/pages\/57\/revisions\/74"}],"wp:attachment":[{"href":"https:\/\/familyfoodandtravel.com\/de\/wp-json\/wp\/v2\/media?parent=57"}],"curies":[{"name":"wp","href":"https:\/\/api.w.org\/{rel}","templated":true}]}}