{"id":179,"date":"2021-10-23T10:17:04","date_gmt":"2021-10-23T10:17:04","guid":{"rendered":"https:\/\/familyfoodandtravel.com\/de\/?page_id=179"},"modified":"2022-03-16T20:02:58","modified_gmt":"2022-03-16T20:02:58","slug":"keto-diaet","status":"publish","type":"page","link":"https:\/\/familyfoodandtravel.com\/de\/keto-diaet\/","title":{"rendered":"Keto Di\u00e4t"},"content":{"rendered":"<p>Alle Keto Di\u00e4t Artikel im \u00dcberblick:<\/p>\n<ul>\n<li><a href=\"https:\/\/familyfoodandtravel.com\/de\/keto-diaet\/k2-tropfen\/\" target=\"_blank\" rel=\"noopener\">K2 Tropfen Erfahrungen &amp; Vergleich<\/a><\/li>\n<li><a href=\"https:\/\/familyfoodandtravel.com\/de\/keto-diaet\/ketogen-tropfen\/\">Ketogen Tropfen Erfahrungen &amp; Vergleich<\/a><\/li>\n<li><a href=\"https:\/\/familyfoodandtravel.com\/de\/keto-diaet\/revolyn-keto-burn\/\">Revolyn Keto Burn Erfahrungen &amp; Vergleich<\/a><\/li>\n<li><a href=\"https:\/\/familyfoodandtravel.com\/de\/keto-diaet\/ultra-keto-slim\/\">Ultra Keto Slim Erfahrungen &amp; Vergleich<\/a><\/li>\n<li><a href=\"https:\/\/familyfoodandtravel.com\/de\/keto-diaet\/keto-bodytone\/\">Keto Bodytone Erfahrungen &amp; Vergleich<\/a><\/li>\n<li><a href=\"https:\/\/familyfoodandtravel.com\/de\/keto-diaet\/keto-diaet-pillen-vergleich\/\">Keto Di\u00e4t Pillen Vergleich<\/a><\/li>\n<li><a href=\"https:\/\/familyfoodandtravel.com\/de\/keto-diaet\/keto-charge\/\" target=\"_blank\" rel=\"noopener\">Keto Charge Erfahrungen &amp; Vergleich<\/a><\/li>\n<li><a href=\"https:\/\/familyfoodandtravel.com\/de\/keto-diaet\/regal-keto\/\" target=\"_blank\" rel=\"noopener\">Regal Keto Erfahrungen<\/a><\/li>\n<li><a href=\"https:\/\/familyfoodandtravel.com\/de\/keto-diaet\/keto-prime\/\" target=\"_blank\" rel=\"noopener\">Keto Prime Erfahrungen<\/a><\/li>\n<li><a href=\"https:\/\/familyfoodandtravel.com\/de\/keto-diaet\/keto-tropfen-hoehle-der-loewen\/\" target=\"_blank\" rel=\"noopener\">Keto Tropfen H\u00f6hle der L\u00f6wen<\/a><\/li>\n<\/ul>\n","protected":false},"excerpt":{"rendered":"<p>Alle Keto Di\u00e4t Artikel im \u00dcberblick: K2 Tropfen Erfahrungen &amp; Vergleich Ketogen Tropfen Erfahrungen &amp; Vergleich Revolyn Keto Burn Erfahrungen &amp; Vergleich Ultra Keto Slim Erfahrungen &amp; Vergleich Keto Bodytone Erfahrungen &amp; Vergleich Keto Di\u00e4t Pillen Vergleich Keto Charge Erfahrungen &amp; Vergleich Regal Keto Erfahrungen Keto Prime Erfahrungen Keto Tropfen H\u00f6hle der L\u00f6wen<\/p>\n","protected":false},"author":27,"featured_media":0,"parent":0,"menu_order":0,"comment_status":"closed","ping_status":"closed","template":"","meta":{"_acf_changed":false,"inline_featured_image":false,"wprm-recipe-roundup-name":"","wprm-recipe-roundup-description":"","footnotes":""},"class_list":{"0":"post-179","1":"page","2":"type-page","3":"status-publish","5":"entry"},"acf":[],"yoast_head":"<!-- This site is optimized with the Yoast SEO plugin v26.8 - https:\/\/yoast.com\/product\/yoast-seo-wordpress\/ -->\n<title>Keto Di\u00e4t - Family Food and Travel<\/title>\n<meta name=\"robots\" content=\"index, follow, max-snippet:-1, max-image-preview:large, max-video-preview:-1\" \/>\n<link rel=\"canonical\" href=\"https:\/\/familyfoodandtravel.com\/de\/keto-diaet\/\" \/>\n<meta property=\"og:locale\" content=\"de_DE\" \/>\n<meta property=\"og:type\" content=\"article\" \/>\n<meta property=\"og:title\" content=\"Keto Di\u00e4t - Family Food and Travel\" \/>\n<meta property=\"og:description\" content=\"Alle Keto Di\u00e4t Artikel im \u00dcberblick: K2 Tropfen Erfahrungen &amp; Vergleich Ketogen Tropfen Erfahrungen &amp; Vergleich Revolyn Keto Burn Erfahrungen &amp; Vergleich Ultra Keto Slim Erfahrungen &amp; Vergleich Keto Bodytone Erfahrungen &amp; Vergleich Keto Di\u00e4t Pillen Vergleich Keto Charge Erfahrungen &amp; Vergleich Regal Keto Erfahrungen Keto Prime Erfahrungen Keto Tropfen H\u00f6hle der L\u00f6wen\" \/>\n<meta property=\"og:url\" content=\"https:\/\/familyfoodandtravel.com\/de\/keto-diaet\/\" \/>\n<meta property=\"og:site_name\" content=\"Family Food and Travel\" \/>\n<meta property=\"article:modified_time\" content=\"2022-03-16T20:02:58+00:00\" \/>\n<meta name=\"twitter:card\" content=\"summary_large_image\" \/>\n<!-- \/ Yoast SEO plugin. -->","yoast_head_json":{"title":"Keto Di\u00e4t - Family Food and Travel","robots":{"index":"index","follow":"follow","max-snippet":"max-snippet:-1","max-image-preview":"max-image-preview:large","max-video-preview":"max-video-preview:-1"},"canonical":"https:\/\/familyfoodandtravel.com\/de\/keto-diaet\/","og_locale":"de_DE","og_type":"article","og_title":"Keto Di\u00e4t - Family Food and Travel","og_description":"Alle Keto Di\u00e4t Artikel im \u00dcberblick: K2 Tropfen Erfahrungen &amp; Vergleich Ketogen Tropfen Erfahrungen &amp; Vergleich Revolyn Keto Burn Erfahrungen &amp; Vergleich Ultra Keto Slim Erfahrungen &amp; Vergleich Keto Bodytone Erfahrungen &amp; Vergleich Keto Di\u00e4t Pillen Vergleich Keto Charge Erfahrungen &amp; Vergleich Regal Keto Erfahrungen Keto Prime Erfahrungen Keto Tropfen H\u00f6hle der L\u00f6wen","og_url":"https:\/\/familyfoodandtravel.com\/de\/keto-diaet\/","og_site_name":"Family Food and Travel","article_modified_time":"2022-03-16T20:02:58+00:00","twitter_card":"summary_large_image","schema":{"@context":"https:\/\/schema.org","@graph":[{"@type":"WebPage","@id":"https:\/\/familyfoodandtravel.com\/de\/keto-diaet\/","url":"https:\/\/familyfoodandtravel.com\/de\/keto-diaet\/","name":"Keto Di\u00e4t - Family Food and Travel","isPartOf":{"@id":"https:\/\/familyfoodandtravel.com\/de\/#website"},"datePublished":"2021-10-23T10:17:04+00:00","dateModified":"2022-03-16T20:02:58+00:00","breadcrumb":{"@id":"https:\/\/familyfoodandtravel.com\/de\/keto-diaet\/#breadcrumb"},"inLanguage":"de-DE","potentialAction":[{"@type":"ReadAction","target":["https:\/\/familyfoodandtravel.com\/de\/keto-diaet\/"]}]},{"@type":"BreadcrumbList","@id":"https:\/\/familyfoodandtravel.com\/de\/keto-diaet\/#breadcrumb","itemListElement":[{"@type":"ListItem","position":1,"name":"Home","item":"https:\/\/familyfoodandtravel.com\/de\/"},{"@type":"ListItem","position":2,"name":"Keto Di\u00e4t"}]},{"@type":"WebSite","@id":"https:\/\/familyfoodandtravel.com\/de\/#website","url":"https:\/\/familyfoodandtravel.com\/de\/","name":"Family Food and Travel","description":"Willkommen bei Family Food and Travel Deutschland!","potentialAction":[{"@type":"SearchAction","target":{"@type":"EntryPoint","urlTemplate":"https:\/\/familyfoodandtravel.com\/de\/?s={search_term_string}"},"query-input":{"@type":"PropertyValueSpecification","valueRequired":true,"valueName":"search_term_string"}}],"inLanguage":"de-DE"}]}},"_links":{"self":[{"href":"https:\/\/familyfoodandtravel.com\/de\/wp-json\/wp\/v2\/pages\/179","targetHints":{"allow":["GET"]}}],"collection":[{"href":"https:\/\/familyfoodandtravel.com\/de\/wp-json\/wp\/v2\/pages"}],"about":[{"href":"https:\/\/familyfoodandtravel.com\/de\/wp-json\/wp\/v2\/types\/page"}],"author":[{"embeddable":true,"href":"https:\/\/familyfoodandtravel.com\/de\/wp-json\/wp\/v2\/users\/27"}],"replies":[{"embeddable":true,"href":"https:\/\/familyfoodandtravel.com\/de\/wp-json\/wp\/v2\/comments?post=179"}],"version-history":[{"count":5,"href":"https:\/\/familyfoodandtravel.com\/de\/wp-json\/wp\/v2\/pages\/179\/revisions"}],"predecessor-version":[{"id":2762,"href":"https:\/\/familyfoodandtravel.com\/de\/wp-json\/wp\/v2\/pages\/179\/revisions\/2762"}],"wp:attachment":[{"href":"https:\/\/familyfoodandtravel.com\/de\/wp-json\/wp\/v2\/media?parent=179"}],"curies":[{"name":"wp","href":"https:\/\/api.w.org\/{rel}","templated":true}]}}